  {"id":23048,"date":"2019-10-18T10:53:13","date_gmt":"2019-10-18T10:53:13","guid":{"rendered":"http:\/\/hunimed-new.local\/simulation-center\/anatomy-lab-2\/"},"modified":"2019-10-18T15:42:34","modified_gmt":"2019-10-18T15:42:34","slug":"anatomy-lab-2","status":"publish","type":"page","link":"https:\/\/www.hunimed.eu\/it\/simulation-center\/anatomy-lab-2\/","title":{"rendered":"Anatomy Lab"},"content":{"rendered":"\n<div class=\"wp-block-group alignwide is-style-m-section-padding pt-0\"><div class=\"wp-block-group__inner-container is-layout-constrained wp-block-group-is-layout-constrained\">\n<div class=\"wp-block-group is-style-layout-50-50 is-content-justification-left is-nowrap is-layout-flex wp-container-core-group-is-layout-558b13e7 wp-block-group-is-layout-flex\">\n<div class=\"wp-block-group is-style-default\"><div class=\"wp-block-group__inner-container is-layout-constrained wp-block-group-is-layout-constrained\">\n<p class=\"is-style-subheading\"><span>L\u2019Anatomy Lab nasce dalla crescente esigenza di&nbsp;<strong>migliorare tecniche chirurgiche<\/strong>&nbsp;e di sviluppare nuove tecnologie e nuovi dispositivi medici, oltre che dal bisogno di approfondire lo&nbsp;<strong>studio dell\u2019anatomia<\/strong>.<\/span><\/p>\n\n\n\n<p class=\"is-style-subheading\">La nostra struttura permette, in un ambiente realisticamente ricostruito e sicuro, di sviluppare nuovi format per la&nbsp;<strong>formazione<\/strong>&nbsp;e l\u2019<strong>aggiornamento<\/strong>&nbsp;in ambito chirurgico, e rappresenta inoltre una risorsa preziosa per tutte le&nbsp;<strong>attivit\u00e0 di sperimentazione<\/strong>&nbsp;sviluppate sia dai clinici sia dall\u2019industria del settore.<\/p>\n\n\n\n<div class=\"wp-block-buttons is-layout-flex wp-block-buttons-is-layout-flex\">\n<div class=\"wp-block-button is-style-default-button\"><a class=\"wp-block-button__link wp-element-button\" href=\"https:\/\/www.humanitasedu.it\/\">Scopri i corsi<\/a><\/div>\n<\/div>\n<\/div><\/div>\n\n\n<figure style=\"height:300px;\" class=\"is-style-box-shadow wp-block-post-featured-image\"><img loading=\"lazy\" decoding=\"async\" width=\"1600\" height=\"1200\" src=\"https:\/\/www.hunimed.eu\/wp-content\/uploads\/2025\/10\/IMG-20180126-WA0000.jpg?wsr\" class=\"attachment-post-thumbnail size-post-thumbnail wp-post-image\" alt=\"\" style=\"height:300px;object-fit:cover;\" srcset=\"https:\/\/www.hunimed.eu\/wp-content\/uploads\/2025\/10\/IMG-20180126-WA0000.jpg 1600w, https:\/\/www.hunimed.eu\/wp-content\/uploads\/2025\/10\/IMG-20180126-WA0000-300x225.jpg 300w, https:\/\/www.hunimed.eu\/wp-content\/uploads\/2025\/10\/IMG-20180126-WA0000-1024x768.jpg 1024w, https:\/\/www.hunimed.eu\/wp-content\/uploads\/2025\/10\/IMG-20180126-WA0000-768x576.jpg 768w, https:\/\/www.hunimed.eu\/wp-content\/uploads\/2025\/10\/IMG-20180126-WA0000-1536x1152.jpg 1536w, https:\/\/www.hunimed.eu\/wp-content\/uploads\/2025\/10\/IMG-20180126-WA0000-360x270.jpg 360w, https:\/\/www.hunimed.eu\/wp-content\/uploads\/2025\/10\/IMG-20180126-WA0000-720x540.jpg 720w, https:\/\/www.hunimed.eu\/wp-content\/uploads\/2025\/10\/IMG-20180126-WA0000-213x160.jpg 213w, https:\/\/www.hunimed.eu\/wp-content\/uploads\/2025\/10\/IMG-20180126-WA0000-427x320.jpg 427w, https:\/\/www.hunimed.eu\/wp-content\/uploads\/2025\/10\/IMG-20180126-WA0000-853x640.jpg 853w, https:\/\/www.hunimed.eu\/wp-content\/uploads\/2025\/10\/IMG-20180126-WA0000-1200x900.jpg 1200w\" sizes=\"auto, (max-width: 1600px) 100vw, 1600px\" \/><\/figure><\/div>\n<\/div><\/div>\n\n\n\n<div class=\"wp-block-group alignfull is-style-group-padding-border-top pb-0\"><div class=\"wp-block-group__inner-container is-layout-constrained wp-block-group-is-layout-constrained\">\n<div class=\"wp-block-group alignwide is-style-layout-60-40 is-nowrap is-layout-flex wp-container-core-group-is-layout-64989fb1 wp-block-group-is-layout-flex\">\n<div class=\"wp-block-group\"><div class=\"wp-block-group__inner-container is-layout-constrained wp-block-group-is-layout-constrained\">\n<p>Il nostro Anatomy Lab ospita&nbsp;<strong>8 postazioni di lavoro<\/strong>&nbsp;equipaggiate con tutte le dotazioni utili alla pratica chirurgica. Sono disponibili strumentazioni e tecnologie per il supporto delle attivit\u00e0 educazionali pratiche come motori chirurgici, strumenti per la scopia etc. oltre ai collegamenti AV per lo streaming in diretta delle attivit\u00e0, sia all\u2019interno che all\u2019esterno della struttura.<\/p>\n\n\n\n<p>I preparati anatomici (Fresh frozen non trattati) in uso presso il Mario Luzzatto Simulation Center, &nbsp;provengono esclusivamente dagli Stati Uniti e sono accompagnati dalle relative analisi sierologiche e dalla documentazione riguardante la storia clinica di ciascun donatore.<\/p>\n\n\n\n<p>Un\u2019\u00e9quipe infermieristica \u00e8 inoltre sempre presente per assistere i nostri partecipanti durante tutte le attivit\u00e0.<\/p>\n<\/div><\/div>\n\n\n\n<div class=\"wp-block-group\"><div class=\"wp-block-group__inner-container is-layout-constrained wp-block-group-is-layout-constrained\">\n<figure class=\"wp-block-embed is-type-rich is-provider-handler-delloggetto-incorporato wp-block-embed-handler-delloggetto-incorporato wp-embed-aspect-16-9 wp-has-aspect-ratio\"><div class=\"wp-block-embed__wrapper\">\n<iframe loading=\"lazy\" title=\"Anatomy Lab: tecnologia e sicurezza per la formazione pratica dei medici\" width=\"1200\" height=\"675\" src=\"https:\/\/www.youtube.com\/embed\/JYuruA-A8OY?feature=oembed\" frameborder=\"0\" allow=\"accelerometer; autoplay; clipboard-write; encrypted-media; gyroscope; picture-in-picture; web-share\" referrerpolicy=\"strict-origin-when-cross-origin\" allowfullscreen><\/iframe>\n<\/div><\/figure>\n<\/div><\/div>\n<\/div>\n<\/div><\/div>\n","protected":false},"excerpt":{"rendered":"<p>L\u2019Anatomy Lab nasce dalla crescente esigenza di&nbsp;migliorare tecniche chirurgiche&nbsp;e di sviluppare nuove tecnologie e nuovi dispositivi medici, oltre che dal bisogno di approfondire lo&nbsp;studio dell\u2019anatomia. La nostra struttura permette, in un ambiente realisticamente ricostruito e sicuro, di sviluppare nuovi format per la&nbsp;formazione&nbsp;e l\u2019aggiornamento&nbsp;in ambito chirurgico, e rappresenta inoltre una risorsa preziosa per tutte le&nbsp;attivit\u00e0 di [&hellip;]<\/p>\n","protected":false},"author":2,"featured_media":33010,"parent":23033,"menu_order":0,"comment_status":"open","ping_status":"open","template":"","meta":{"_acf_changed":false,"_kad_blocks_custom_css":"","_kad_blocks_head_custom_js":"","_kad_blocks_body_custom_js":"","_kad_blocks_footer_custom_js":"","footnotes":""},"class_list":["post-23048","page","type-page","status-publish","has-post-thumbnail","hentry"],"acf":[],"yoast_head":"<!-- This site is optimized with the Yoast SEO plugin v27.2 - https:\/\/yoast.com\/product\/yoast-seo-wordpress\/ -->\n<title>Anatomy Lab - Hunimed<\/title>\n<meta name=\"robots\" content=\"index, follow, max-snippet:-1, max-image-preview:large, max-video-preview:-1\" \/>\n<link rel=\"canonical\" href=\"https:\/\/www.hunimed.eu\/it\/simulation-center\/anatomy-lab-2\/\" \/>\n<meta property=\"og:locale\" content=\"it_IT\" \/>\n<meta property=\"og:type\" content=\"article\" \/>\n<meta property=\"og:title\" content=\"Anatomy Lab - Hunimed\" \/>\n<meta property=\"og:description\" content=\"L\u2019Anatomy Lab nasce dalla crescente esigenza di&nbsp;migliorare tecniche chirurgiche&nbsp;e di sviluppare nuove tecnologie e nuovi dispositivi medici, oltre che dal bisogno di approfondire lo&nbsp;studio dell\u2019anatomia. La nostra struttura permette, in un ambiente realisticamente ricostruito e sicuro, di sviluppare nuovi format per la&nbsp;formazione&nbsp;e l\u2019aggiornamento&nbsp;in ambito chirurgico, e rappresenta inoltre una risorsa preziosa per tutte le&nbsp;attivit\u00e0 di [&hellip;]\" \/>\n<meta property=\"og:url\" content=\"https:\/\/www.hunimed.eu\/it\/simulation-center\/anatomy-lab-2\/\" \/>\n<meta property=\"og:site_name\" content=\"Hunimed\" \/>\n<meta property=\"article:publisher\" content=\"https:\/\/www.facebook.com\/Hunimed\/\" \/>\n<meta property=\"article:modified_time\" content=\"2019-10-18T15:42:34+00:00\" \/>\n<meta property=\"og:image\" content=\"https:\/\/www.hunimed.eu\/wp-content\/uploads\/2025\/08\/IMG-20180126-WA0000.jpg\" \/>\n\t<meta property=\"og:image:width\" content=\"1600\" \/>\n\t<meta property=\"og:image:height\" content=\"1200\" \/>\n\t<meta property=\"og:image:type\" content=\"image\/jpeg\" \/>\n<meta name=\"twitter:card\" content=\"summary_large_image\" \/>\n<meta name=\"twitter:label1\" content=\"Tempo di lettura stimato\" \/>\n\t<meta name=\"twitter:data1\" content=\"1 minuto\" \/>\n<script type=\"application\/ld+json\" class=\"yoast-schema-graph\">{\"@context\":\"https:\/\/schema.org\",\"@graph\":[{\"@type\":\"WebPage\",\"@id\":\"https:\/\/www.hunimed.eu\/it\/simulation-center\/anatomy-lab-2\/\",\"url\":\"https:\/\/www.hunimed.eu\/it\/simulation-center\/anatomy-lab-2\/\",\"name\":\"Anatomy Lab - Hunimed\",\"isPartOf\":{\"@id\":\"https:\/\/www.hunimed.eu\/#website\"},\"primaryImageOfPage\":{\"@id\":\"https:\/\/www.hunimed.eu\/it\/simulation-center\/anatomy-lab-2\/#primaryimage\"},\"image\":{\"@id\":\"https:\/\/www.hunimed.eu\/it\/simulation-center\/anatomy-lab-2\/#primaryimage\"},\"thumbnailUrl\":\"https:\/\/www.hunimed.eu\/wp-content\/uploads\/2025\/10\/IMG-20180126-WA0000.jpg?wsr\",\"datePublished\":\"2019-10-18T10:53:13+00:00\",\"dateModified\":\"2019-10-18T15:42:34+00:00\",\"breadcrumb\":{\"@id\":\"https:\/\/www.hunimed.eu\/it\/simulation-center\/anatomy-lab-2\/#breadcrumb\"},\"inLanguage\":\"it-IT\",\"potentialAction\":[{\"@type\":\"ReadAction\",\"target\":[\"https:\/\/www.hunimed.eu\/it\/simulation-center\/anatomy-lab-2\/\"]}]},{\"@type\":\"ImageObject\",\"inLanguage\":\"it-IT\",\"@id\":\"https:\/\/www.hunimed.eu\/it\/simulation-center\/anatomy-lab-2\/#primaryimage\",\"url\":\"https:\/\/www.hunimed.eu\/wp-content\/uploads\/2025\/10\/IMG-20180126-WA0000.jpg?wsr\",\"contentUrl\":\"https:\/\/www.hunimed.eu\/wp-content\/uploads\/2025\/10\/IMG-20180126-WA0000.jpg?wsr\",\"width\":1600,\"height\":1200},{\"@type\":\"BreadcrumbList\",\"@id\":\"https:\/\/www.hunimed.eu\/it\/simulation-center\/anatomy-lab-2\/#breadcrumb\",\"itemListElement\":[{\"@type\":\"ListItem\",\"position\":1,\"name\":\"Home\",\"item\":\"https:\/\/www.hunimed.eu\/it\/\"},{\"@type\":\"ListItem\",\"position\":2,\"name\":\"Centro di Simulazione Mario Luzzatto\",\"item\":\"https:\/\/www.hunimed.eu\/it\/simulation-center\/\"},{\"@type\":\"ListItem\",\"position\":3,\"name\":\"Anatomy Lab\"}]},{\"@type\":\"WebSite\",\"@id\":\"https:\/\/www.hunimed.eu\/#website\",\"url\":\"https:\/\/www.hunimed.eu\/\",\"name\":\"Hunimed\",\"description\":\"麻豆传媒AV在线看 University\",\"publisher\":{\"@id\":\"https:\/\/www.hunimed.eu\/#organization\"},\"potentialAction\":[{\"@type\":\"SearchAction\",\"target\":{\"@type\":\"EntryPoint\",\"urlTemplate\":\"https:\/\/www.hunimed.eu\/?s={search_term_string}\"},\"query-input\":{\"@type\":\"PropertyValueSpecification\",\"valueRequired\":true,\"valueName\":\"search_term_string\"}}],\"inLanguage\":\"it-IT\"},{\"@type\":\"Organization\",\"@id\":\"https:\/\/www.hunimed.eu\/#organization\",\"name\":\"麻豆传媒AV在线看 University\",\"url\":\"https:\/\/www.hunimed.eu\/\",\"logo\":{\"@type\":\"ImageObject\",\"inLanguage\":\"it-IT\",\"@id\":\"https:\/\/www.hunimed.eu\/#\/schema\/logo\/image\/\",\"url\":\"https:\/\/www.hunimed.eu\/wp-content\/uploads\/2025\/06\/Logo.svg?wsr\",\"contentUrl\":\"https:\/\/www.hunimed.eu\/wp-content\/uploads\/2025\/06\/Logo.svg?wsr\",\"caption\":\"麻豆传媒AV在线看 University\"},\"image\":{\"@id\":\"https:\/\/www.hunimed.eu\/#\/schema\/logo\/image\/\"},\"sameAs\":[\"https:\/\/www.facebook.com\/Hunimed\/\",\"https:\/\/www.linkedin.com\/school\/18280267\/admin\/\"]}]}<\/script>\n<!-- \/ Yoast SEO plugin. -->","yoast_head_json":{"title":"Anatomy Lab - Hunimed","robots":{"index":"index","follow":"follow","max-snippet":"max-snippet:-1","max-image-preview":"max-image-preview:large","max-video-preview":"max-video-preview:-1"},"canonical":"https:\/\/www.hunimed.eu\/it\/simulation-center\/anatomy-lab-2\/","og_locale":"it_IT","og_type":"article","og_title":"Anatomy Lab - Hunimed","og_description":"L\u2019Anatomy Lab nasce dalla crescente esigenza di&nbsp;migliorare tecniche chirurgiche&nbsp;e di sviluppare nuove tecnologie e nuovi dispositivi medici, oltre che dal bisogno di approfondire lo&nbsp;studio dell\u2019anatomia. La nostra struttura permette, in un ambiente realisticamente ricostruito e sicuro, di sviluppare nuovi format per la&nbsp;formazione&nbsp;e l\u2019aggiornamento&nbsp;in ambito chirurgico, e rappresenta inoltre una risorsa preziosa per tutte le&nbsp;attivit\u00e0 di [&hellip;]","og_url":"https:\/\/www.hunimed.eu\/it\/simulation-center\/anatomy-lab-2\/","og_site_name":"Hunimed","article_publisher":"https:\/\/www.facebook.com\/Hunimed\/","article_modified_time":"2019-10-18T15:42:34+00:00","og_image":[{"width":1600,"height":1200,"url":"https:\/\/www.hunimed.eu\/wp-content\/uploads\/2025\/08\/IMG-20180126-WA0000.jpg","type":"image\/jpeg"}],"twitter_card":"summary_large_image","twitter_misc":{"Tempo di lettura stimato":"1 minuto"},"schema":{"@context":"https:\/\/schema.org","@graph":[{"@type":"WebPage","@id":"https:\/\/www.hunimed.eu\/it\/simulation-center\/anatomy-lab-2\/","url":"https:\/\/www.hunimed.eu\/it\/simulation-center\/anatomy-lab-2\/","name":"Anatomy Lab - Hunimed","isPartOf":{"@id":"https:\/\/www.hunimed.eu\/#website"},"primaryImageOfPage":{"@id":"https:\/\/www.hunimed.eu\/it\/simulation-center\/anatomy-lab-2\/#primaryimage"},"image":{"@id":"https:\/\/www.hunimed.eu\/it\/simulation-center\/anatomy-lab-2\/#primaryimage"},"thumbnailUrl":"https:\/\/www.hunimed.eu\/wp-content\/uploads\/2025\/10\/IMG-20180126-WA0000.jpg?wsr","datePublished":"2019-10-18T10:53:13+00:00","dateModified":"2019-10-18T15:42:34+00:00","breadcrumb":{"@id":"https:\/\/www.hunimed.eu\/it\/simulation-center\/anatomy-lab-2\/#breadcrumb"},"inLanguage":"it-IT","potentialAction":[{"@type":"ReadAction","target":["https:\/\/www.hunimed.eu\/it\/simulation-center\/anatomy-lab-2\/"]}]},{"@type":"ImageObject","inLanguage":"it-IT","@id":"https:\/\/www.hunimed.eu\/it\/simulation-center\/anatomy-lab-2\/#primaryimage","url":"https:\/\/www.hunimed.eu\/wp-content\/uploads\/2025\/10\/IMG-20180126-WA0000.jpg?wsr","contentUrl":"https:\/\/www.hunimed.eu\/wp-content\/uploads\/2025\/10\/IMG-20180126-WA0000.jpg?wsr","width":1600,"height":1200},{"@type":"BreadcrumbList","@id":"https:\/\/www.hunimed.eu\/it\/simulation-center\/anatomy-lab-2\/#breadcrumb","itemListElement":[{"@type":"ListItem","position":1,"name":"Home","item":"https:\/\/www.hunimed.eu\/it\/"},{"@type":"ListItem","position":2,"name":"Centro di Simulazione Mario Luzzatto","item":"https:\/\/www.hunimed.eu\/it\/simulation-center\/"},{"@type":"ListItem","position":3,"name":"Anatomy Lab"}]},{"@type":"WebSite","@id":"https:\/\/www.hunimed.eu\/#website","url":"https:\/\/www.hunimed.eu\/","name":"Hunimed","description":"麻豆传媒AV在线看 University","publisher":{"@id":"https:\/\/www.hunimed.eu\/#organization"},"potentialAction":[{"@type":"SearchAction","target":{"@type":"EntryPoint","urlTemplate":"https:\/\/www.hunimed.eu\/?s={search_term_string}"},"query-input":{"@type":"PropertyValueSpecification","valueRequired":true,"valueName":"search_term_string"}}],"inLanguage":"it-IT"},{"@type":"Organization","@id":"https:\/\/www.hunimed.eu\/#organization","name":"麻豆传媒AV在线看 University","url":"https:\/\/www.hunimed.eu\/","logo":{"@type":"ImageObject","inLanguage":"it-IT","@id":"https:\/\/www.hunimed.eu\/#\/schema\/logo\/image\/","url":"https:\/\/www.hunimed.eu\/wp-content\/uploads\/2025\/06\/Logo.svg?wsr","contentUrl":"https:\/\/www.hunimed.eu\/wp-content\/uploads\/2025\/06\/Logo.svg?wsr","caption":"麻豆传媒AV在线看 University"},"image":{"@id":"https:\/\/www.hunimed.eu\/#\/schema\/logo\/image\/"},"sameAs":["https:\/\/www.facebook.com\/Hunimed\/","https:\/\/www.linkedin.com\/school\/18280267\/admin\/"]}]}},"taxonomy_info":[],"featured_image_src_large":["https:\/\/www.hunimed.eu\/wp-content\/uploads\/2025\/10\/IMG-20180126-WA0000-1024x768.jpg?wsr",1024,768,true],"author_info":{"display_name":"Nesho","author_link":"https:\/\/www.hunimed.eu\/it\/news\/author\/nesho\/"},"comment_info":"","_links":{"self":[{"href":"https:\/\/www.hunimed.eu\/it\/wp-json\/wp\/v2\/pages\/23048","targetHints":{"allow":["GET"]}}],"collection":[{"href":"https:\/\/www.hunimed.eu\/it\/wp-json\/wp\/v2\/pages"}],"about":[{"href":"https:\/\/www.hunimed.eu\/it\/wp-json\/wp\/v2\/types\/page"}],"author":[{"embeddable":true,"href":"https:\/\/www.hunimed.eu\/it\/wp-json\/wp\/v2\/users\/2"}],"replies":[{"embeddable":true,"href":"https:\/\/www.hunimed.eu\/it\/wp-json\/wp\/v2\/comments?post=23048"}],"version-history":[{"count":0,"href":"https:\/\/www.hunimed.eu\/it\/wp-json\/wp\/v2\/pages\/23048\/revisions"}],"up":[{"embeddable":true,"href":"https:\/\/www.hunimed.eu\/it\/wp-json\/wp\/v2\/pages\/23033"}],"wp:featuredmedia":[{"embeddable":true,"href":"https:\/\/www.hunimed.eu\/it\/wp-json\/wp\/v2\/media\/33010"}],"wp:attachment":[{"href":"https:\/\/www.hunimed.eu\/it\/wp-json\/wp\/v2\/media?parent=23048"}],"curies":[{"name":"wp","href":"https:\/\/api.w.org\/{rel}","templated":true}]}}